{"id":56453,"date":"2025-10-18T22:12:36","date_gmt":"2025-10-18T19:12:36","guid":{"rendered":"https:\/\/www.4eyes.com.tr\/?page_id=56453"},"modified":"2025-10-18T22:38:03","modified_gmt":"2025-10-18T19:38:03","slug":"etnia-barcelona","status":"publish","type":"page","link":"https:\/\/www.4eyes.com.tr\/en\/brand-stories\/etnia-barcelona\/","title":{"rendered":"Etnia Barcelona"},"content":{"rendered":"<div class=\"row robsl\"  id=\"row-932312236\">\n\n\t<div id=\"col-369487619\" class=\"col small-12 large-12\"  >\n\t\t\t\t<div class=\"col-inner\"  >\n\t\t\t\n\t\t\t\n\t<div class=\"img has-hover x md-x lg-x y md-y lg-y\" id=\"image_2056278372\">\n\t\t\t\t\t\t\t\t<div class=\"img-inner image-cover dark\" style=\"padding-top:56.25%;margin:0px 0px 5px 0px;\">\n\t\t\t<img loading=\"lazy\" decoding=\"async\" width=\"770\" height=\"446\" src=\"https:\/\/www.4eyes.com.tr\/wp-content\/uploads\/2025\/10\/etnia_bb.jpg\" class=\"attachment-large size-large\" alt=\"\" srcset=\"https:\/\/www.4eyes.com.tr\/wp-content\/uploads\/2025\/10\/etnia_bb.jpg 770w, https:\/\/www.4eyes.com.tr\/wp-content\/uploads\/2025\/10\/etnia_bb-300x174.jpg 300w, https:\/\/www.4eyes.com.tr\/wp-content\/uploads\/2025\/10\/etnia_bb-768x445.jpg 768w, https:\/\/www.4eyes.com.tr\/wp-content\/uploads\/2025\/10\/etnia_bb-600x348.jpg 600w\" sizes=\"auto, (max-width: 770px) 100vw, 770px\" \/>\t\t\t\t\t\t\n\t\t\t\t\t<\/div>\n\t\t\t\t\t\t\t\t\n<style>\n#image_2056278372 {\n  width: 100%;\n}\n<\/style>\n\t<\/div>\n\t\n\t<div id=\"text-3964112050\" class=\"text fne\">\n\t\t\n<h2 style=\"font-weight: 400; text-align: center;\"><strong>Independent Universe of Colors and Art<\/strong><\/h2>\n<blockquote>\n<p style=\"text-align: center;\"><strong><em>Etnia Barcelona sees the world as a shared space for all humankind. It freely celebrates humanity and the differences of personality through colors in its collections.<\/em><\/strong><\/p>\n<\/blockquote>\n<p class=\"alt-font\" style=\"text-align: justify;\">The story of Etnia Barcelona is not just that of a brand but of a passion passed down through three generations. What began in the 1950s in a small workshop in Barcelona evolved into a family tradition that fused craftsmanship with the art of eyewear production. David\u2019s grandfather was among Spain\u2019s first quality-oriented eyewear manufacturers. From an early age, he learned through his grandfather and father that quality-oriented approach is an indispensable value for this profession by seeing the eyeglasses production, materials and design subtleties on site. Born in 1978, David Pellicer began working in the family business professionally at 17, joining the sales department. During the time he was working in the family business, he was using his knowledge, passion for eyewear and entrepreneurial spirit to develop the project of a brand that would make a difference in the global optical industry and easily differentiate itself from the others. Even in his early twenties, he could clearly see what the industry lacked and what people needed. His future brand would be founded on a philosophy of \u201cindependence, humanity, and respect for ethnic and cultural diversity.\u201d<\/p>\n\t\t\t<\/div>\n\t\n\n  \n    <div class=\"row  lightbox-multi-gallery large-columns-4 medium-columns-3 small-columns-2 row-small slider row-slider slider-nav-reveal\"  data-flickity-options='{&quot;imagesLoaded&quot;: true, &quot;groupCells&quot;: &quot;100%&quot;, &quot;dragThreshold&quot; : 5, &quot;cellAlign&quot;: &quot;left&quot;,&quot;wrapAround&quot;: true,&quot;prevNextButtons&quot;: true,&quot;percentPosition&quot;: true,&quot;pageDots&quot;: false, &quot;rightToLeft&quot;: false, &quot;autoPlay&quot; : false}' >\n\n  <div class=\"gallery-col col\" >\n          <div class=\"col-inner\">\n            <a class=\"\" href=\"https:\/\/www.4eyes.com.tr\/wp-content\/uploads\/2025\/10\/473719338_18475404601006912_3688411668270842109_n.jpg\" title=\"\">            <div class=\"box has-hover gallery-box box-none\">\n              <div class=\"box-image image-cover\" style=\"padding-top:120%;\">\n                <img loading=\"lazy\" decoding=\"async\" width=\"240\" height=\"300\" src=\"https:\/\/www.4eyes.com.tr\/wp-content\/uploads\/2025\/10\/473719338_18475404601006912_3688411668270842109_n-240x300.jpg\" class=\"attachment-medium size-medium\" alt=\"\" ids=\"56445,56441,56447,56443\" style=\"none\" lightbox_image_size=\"original\" type=\"slider\" col_spacing=\"small\" image_height=\"120%\" srcset=\"https:\/\/www.4eyes.com.tr\/wp-content\/uploads\/2025\/10\/473719338_18475404601006912_3688411668270842109_n-240x300.jpg 240w, https:\/\/www.4eyes.com.tr\/wp-content\/uploads\/2025\/10\/473719338_18475404601006912_3688411668270842109_n.jpg 600w\" sizes=\"auto, (max-width: 240px) 100vw, 240px\" \/>                                                              <\/div>\n              <div class=\"box-text text-left\" >\n                 <p><\/p>\n              <\/div>\n            <\/div>\n            <\/a>          <\/div>\n         <\/div><div class=\"gallery-col col\" >\n          <div class=\"col-inner\">\n            <a class=\"\" href=\"https:\/\/www.4eyes.com.tr\/wp-content\/uploads\/2025\/10\/469235508_18466732063006912_9060102650760274719_n.jpg\" title=\"\">            <div class=\"box has-hover gallery-box box-none\">\n              <div class=\"box-image image-cover\" style=\"padding-top:120%;\">\n                <img loading=\"lazy\" decoding=\"async\" width=\"240\" height=\"300\" src=\"https:\/\/www.4eyes.com.tr\/wp-content\/uploads\/2025\/10\/469235508_18466732063006912_9060102650760274719_n-240x300.jpg\" class=\"attachment-medium size-medium\" alt=\"\" ids=\"56445,56441,56447,56443\" style=\"none\" lightbox_image_size=\"original\" type=\"slider\" col_spacing=\"small\" image_height=\"120%\" srcset=\"https:\/\/www.4eyes.com.tr\/wp-content\/uploads\/2025\/10\/469235508_18466732063006912_9060102650760274719_n-240x300.jpg 240w, https:\/\/www.4eyes.com.tr\/wp-content\/uploads\/2025\/10\/469235508_18466732063006912_9060102650760274719_n.jpg 600w\" sizes=\"auto, (max-width: 240px) 100vw, 240px\" \/>                                                              <\/div>\n              <div class=\"box-text text-left\" >\n                 <p><\/p>\n              <\/div>\n            <\/div>\n            <\/a>          <\/div>\n         <\/div><div class=\"gallery-col col\" >\n          <div class=\"col-inner\">\n            <a class=\"\" href=\"https:\/\/www.4eyes.com.tr\/wp-content\/uploads\/2025\/10\/ETNIA-BARCELONA.jpg\" title=\"\">            <div class=\"box has-hover gallery-box box-none\">\n              <div class=\"box-image image-cover\" style=\"padding-top:120%;\">\n                <img loading=\"lazy\" decoding=\"async\" width=\"240\" height=\"300\" src=\"https:\/\/www.4eyes.com.tr\/wp-content\/uploads\/2025\/10\/ETNIA-BARCELONA-240x300.jpg\" class=\"attachment-medium size-medium\" alt=\"\" ids=\"56445,56441,56447,56443\" style=\"none\" lightbox_image_size=\"original\" type=\"slider\" col_spacing=\"small\" image_height=\"120%\" srcset=\"https:\/\/www.4eyes.com.tr\/wp-content\/uploads\/2025\/10\/ETNIA-BARCELONA-240x300.jpg 240w, https:\/\/www.4eyes.com.tr\/wp-content\/uploads\/2025\/10\/ETNIA-BARCELONA.jpg 600w\" sizes=\"auto, (max-width: 240px) 100vw, 240px\" \/>                                                              <\/div>\n              <div class=\"box-text text-left\" >\n                 <p><\/p>\n              <\/div>\n            <\/div>\n            <\/a>          <\/div>\n         <\/div><div class=\"gallery-col col\" >\n          <div class=\"col-inner\">\n            <a class=\"\" href=\"https:\/\/www.4eyes.com.tr\/wp-content\/uploads\/2025\/10\/473647387_18475404616006912_7947703460826464976_n.jpg\" title=\"\">            <div class=\"box has-hover gallery-box box-none\">\n              <div class=\"box-image image-cover\" style=\"padding-top:120%;\">\n                <img loading=\"lazy\" decoding=\"async\" width=\"240\" height=\"300\" src=\"https:\/\/www.4eyes.com.tr\/wp-content\/uploads\/2025\/10\/473647387_18475404616006912_7947703460826464976_n-240x300.jpg\" class=\"attachment-medium size-medium\" alt=\"\" ids=\"56445,56441,56447,56443\" style=\"none\" lightbox_image_size=\"original\" type=\"slider\" col_spacing=\"small\" image_height=\"120%\" srcset=\"https:\/\/www.4eyes.com.tr\/wp-content\/uploads\/2025\/10\/473647387_18475404616006912_7947703460826464976_n-240x300.jpg 240w, https:\/\/www.4eyes.com.tr\/wp-content\/uploads\/2025\/10\/473647387_18475404616006912_7947703460826464976_n.jpg 600w\" sizes=\"auto, (max-width: 240px) 100vw, 240px\" \/>                                                              <\/div>\n              <div class=\"box-text text-left\" >\n                 <p><\/p>\n              <\/div>\n            <\/div>\n            <\/a>          <\/div>\n         <\/div><\/div>\n<p class=\"alt-font\" style=\"text-align: justify;\"><strong>The Birth of Etnia Barcelona<br \/><\/strong>Etnia Barcelona was founded in 2001 by 23-year-old David Pellicer. Redefining the family\u2019s manufacturing legacy through creativity, he named the brand \u201cEtnia\u201d in tribute to his respect for ethnic and cultural diversity, and \u201cBarcelona\u201d as a reflection of the city that inspired him. Where colors, cultures, and creativity intersected, Etnia Barcelona began as a small venture. With only one sales representative, a customer-service assistant, and a warehouse manager, David gradually built a team of designers and artists who would push creative boundaries and give the brand its distinctive identity. In 2003, Etnia Barcelona launched Originals, a collection that broke with convention through its daring color palette and reinterpreted classic forms infused with Mediterranean warmth and spirit. At a time when most eyewear collections came only in dark tones like black, brown, or gray, this debut collection marked a radical departure. Capturing the vibrant energy of Barcelona\u2014a city shaped by ethnic and cultural diversity\u2014it quickly became a success and accelerated the brand\u2019s growth.<\/p>\n<p class=\"alt-font\" style=\"text-align: justify;\"><strong>From Spain to the 5 Continents: Rapid Expansion<br \/><\/strong>Even while Etnia Barcelona was still in its project phase, David Pellicer envisioned the world as a shared space. This mindset inspired a business model built on the goal of exporting to all five continents and creating a global logistics network. In 2004, Etnia Barcelona made its international debut at Vision Expo New York with the Originals collection, gaining immediate attention. The brand has established distribution agreements in the United States, Canada, France, and Italy with this debut in New York. In 2005, Etnia Barcelona continued exhibiting at major trade fairs in New York, Milan, and Paris, and expanded into the Australian market through the distributor GenOp. Following success in these regions, the brand entered the German market in 2006 and, shortly after, the rest of Europe. David Pellicer, who quickly and successfully opened the doors to the leading markets of the global optical industry with his brand, took a revolutionary step in transforming eyewear into a tool for expression. \u00a0With this step, decorating faces with yellow, orange or purple frames is no longer just an accessory usage, but a powerful form of expression that blends fashion and art. After years of steady growth, the company decided to strengthen control over its production process by purchasing its first factory in 2010. Two years later, Etnia Barcelona opened its first prototype workshop at its Barcelona headquarters, further elevating its design and manufacturing standards. That same year, the brand has launched its first artist collaboration with renowned Japanese photographer and writer Nobuyoshi Araki, marking the beginning of a new chapter in which art and color became inseparable parts of the brand\u2019s Dna. By 2016, Etnia Barcelona opened another factory to meet growing demand. In 2017, the brand unveiled its first flagship store in the heart of Barcelona\u2014an open invitation to step inside its creative universe. Today, Etnia Barcelona\u2019s production is supported by strategic partners who are global leaders in their fields, giving the brand a powerful competitive edge. Etnia Barcelona continues to grow at a steady 25% annual rate and is now present in over 80 countries and 15,000 points of sale. Nearly 25 years on, the global brand remains true to its original vision: still independent, still directed from Barcelona.<\/p>\n<div class=\"row row-small row-full-width\"  id=\"row-1333076226\">\n\n\t<div id=\"col-221679461\" class=\"col medium-7 large-7\"  >\n\t\t\t\t<div class=\"col-inner\"  >\n\t\t\t\n\t\t\t\n<p class=\"alt-font\" style=\"text-align: justify;\"><strong>Unique Universe of Etnia Barcelona<br \/><\/strong>Etnia Barcelona\u2019s designs bear the unmistakable imprint of its city\u2014its architecture, its sea, its sun, its art, and its cultural diversity. The lives and works of Spanish and international artists, historic events, and strong personalities from across time all serve as vital sources of inspiration. The organic forms of architect Antoni Gaud\u00ed, the Spanish pioneer of the Art Nouveau movement, the colors of Spanish painter Joan Mir\u00f3 and the dreamlike reality of Salvador Dal\u00ed have profoundly influenced the brand\u2019s aesthetic. From the 2003 Originals collection to today, Etnia Barcelona\u2019s evolving collections chronicle its creative journey. For 22 years, the brand has remained true to its design independence, adding its bold color language to create countless striking collections. Presenting more than 60 new models each year, it continues to strengthen its global position with standout special editions like Eufluoria, Santa Maria Del Mar, Zebra, Yokohama 24K, Ibiza Volume 4 and 5, along with signature lines such as Bold, UTF, Pellicer, Kids, and Chroma. To mark its 15th anniversary, Etnia Barcelona paid tribute to the Pellicer family\u2019s roots with the Vintage collection, crafted from the original molds once used by David\u2019s grandfather and father. The 20th-anniversary capsule, Heritage, celebrated Etnia Barcelona\u2019s 20-year legacy\u2014one inspired by art, color, culture, and history, and focused on \u201cdoing what had never been done before\u201d in the industry.<\/p>\n\t\t<\/div>\n\t\t\t\t\n<style>\n#col-221679461 > .col-inner {\n  margin: 0px 0px -40px 0px;\n}\n<\/style>\n\t<\/div>\n\n\t\n\n\t<div id=\"col-961565558\" class=\"col medium-5 large-5\"  >\n\t\t\t\t<div class=\"col-inner\"  >\n\t\t\t\n\t\t\t\n\t<div class=\"img has-hover x md-x lg-x y md-y lg-y\" id=\"image_1668172057\">\n\t\t\t\t\t\t\t\t<div class=\"img-inner image-cover dark\" style=\"padding-top:127%;\">\n\t\t\t<img loading=\"lazy\" decoding=\"async\" width=\"818\" height=\"1000\" src=\"https:\/\/www.4eyes.com.tr\/wp-content\/uploads\/2025\/10\/etnia2.jpg\" class=\"attachment-original size-original\" alt=\"\" srcset=\"https:\/\/www.4eyes.com.tr\/wp-content\/uploads\/2025\/10\/etnia2.jpg 818w, https:\/\/www.4eyes.com.tr\/wp-content\/uploads\/2025\/10\/etnia2-245x300.jpg 245w, https:\/\/www.4eyes.com.tr\/wp-content\/uploads\/2025\/10\/etnia2-768x939.jpg 768w, https:\/\/www.4eyes.com.tr\/wp-content\/uploads\/2025\/10\/etnia2-600x733.jpg 600w\" sizes=\"auto, (max-width: 818px) 100vw, 818px\" \/>\t\t\t\t\t\t\n\t\t\t\t\t<\/div>\n\t\t\t\t\t\t\t\t\n<style>\n#image_1668172057 {\n  width: 100%;\n}\n<\/style>\n\t<\/div>\n\t\n\t\t<\/div>\n\t\t\t\t\t<\/div>\n\n\t\n\n\t<div id=\"col-1436665125\" class=\"col large-12\"  >\n\t\t\t\t<div class=\"col-inner\"  >\n\t\t\t\n\t\t\t\n<div class=\"row\"  id=\"row-1290587838\">\n\n\t<div id=\"col-1191532052\" class=\"col medium-4 small-12 large-4\"  >\n\t\t\t\t<div class=\"col-inner\"  >\n\t\t\t\n\t\t\t\n\t\t<\/div>\n\t\t\t\t\t<\/div>\n\n\t\n\n\t<div id=\"col-2094467484\" class=\"col medium-4 small-12 large-4\"  >\n\t\t\t\t<div class=\"col-inner\"  >\n\t\t\t\n\t\t\t\n\t\t<\/div>\n\t\t\t\t\t<\/div>\n\n\t\n\n\t<div id=\"col-1233990629\" class=\"col medium-4 small-12 large-4\"  >\n\t\t\t\t<div class=\"col-inner\"  >\n\t\t\t\n\t\t\t\n\t\t<\/div>\n\t\t\t\t\t<\/div>\n\n\t\n<\/div>\n<p class=\"alt-font\" style=\"text-align: justify;\"><strong>Dialogue Empowered by Art<br \/><\/strong>For Etnia Barcelona, art is not merely inspiration\u2014it is identity. The brand\u2019s motto #BeAnArtist invites every individual to become the artist of their own life. Etnia Barcelona\u2019s dialogue with art has continued without interruption and only grown stronger. Starting in 2012 with photographer Nobuyoshi Araki, it continued with the 2013 Yves Klein Blue collection, an homage to the French contemporary artist. The collection adapted the famous painter&#8217;s signature color &#8220;Klein Blue&#8221; to acetate glasses. \u00a0In 2016, the Jean-Michel Basquiat collection made an unprecedented connection between contemporary art and optical design, blending Basquiat\u2019s anarchic strokes with Etnia\u2019s bold color palette. The brand also collaborated with legendary photographer Steve McCurry on the Wild Love in Africa campaign and with Spanish painter Ignasi Monreal on two exceptional joint collections. At Silmo Paris 2025, Etnia Barcelona presented Moi Aussi, a large-scale project featuring 90 artists. Through this exhibition, the brand reaffirmed its message: \u201cArt is dialogue, and we will continue that dialogue.\u201d To give the project a permanent home, Etnia Barcelona purchased and restored a historic church in Venice\u2014transforming it into the Moi Aussi Headquarters and Art Gallery, a symbol of the brand\u2019s commitment to collective creativity.<\/p>\n<p class=\"alt-font\" style=\"text-align: justify;\"><strong>Responsibility and Etnia Barcelona Foundation<br \/><\/strong>Etnia Barcelona regards environmental awareness as an aesthetic responsibility. Since 2017, it has used 100% natural, cotton-based biodegradable acetate and mineral lenses to reduce plastic waste. Its production facilities operate on renewable energy, and every color pigment comes from natural sources. This philosophy laid the foundation for a new corporate structure in 2022, when David Pellicer founded the Etnia Eyewear Culture Group, bringing together Etnia Barcelona, The Readers, and Allpoets. The group fosters an ecosystem centered on cultural diversity and sustainable production. The Etnia Barcelona Foundation, on the other hand, has established in 2016 to improve access to vision care for those with limited economic means. Its mission is to finance programs that provide full diagnoses and quality prescription glasses while promoting health and education. Under the leadership of David Pellicer, the foundation has carried out numerous projects, proving that Etnia Barcelona acts with respect, empathy, and responsibility toward all people.<\/p>\n<p class=\"alt-font\" style=\"text-align: justify;\"><strong>Kronoloji:<br \/><\/strong><\/p>\n<p class=\"alt-font\" style=\"text-align: justify;\"><strong>1950s<br \/><\/strong>The Pellicer family founded its first eyewear workshop in Barcelona.<\/p>\n<p class=\"alt-font\" style=\"text-align: justify;\"><strong>2001<br \/><\/strong>Etnia Barcelona officially founded by David Pellicer.<\/p>\n<p class=\"alt-font\" style=\"text-align: justify;\"><strong>2003<\/strong><br \/>Debut collection, Originals, has made a color revolution to the optical industry.<\/p>\n<p class=\"alt-font\" style=\"text-align: justify;\"><strong>2007<\/strong><br \/>Etnia Barcelona began building a bold, distinctive brand image through provocative campaigns that still define its spirit today.<\/p>\n<p class=\"alt-font\" style=\"text-align: justify;\"><strong>2013<\/strong><br \/>Etnia Barcelona opened a new office in Montreal to oversee distribution in the U.S. and Canada.<\/p>\n<p class=\"alt-font\" style=\"text-align: justify;\"><strong>2015<\/strong><br \/>Celebrities such as Rachel Adams, Beyonc\u00e9, Jay Z, Cate Blanchett, and Naomi Watts joined the growing list of Etnia Barcelona admirers.<\/p>\n<p class=\"alt-font\" style=\"text-align: justify;\"><strong>2016<\/strong><br \/>The Etnia Barcelona Foundation was established. Founder and President is David Pellicer.<\/p>\n<p class=\"alt-font\" style=\"text-align: justify;\"><strong>2017<\/strong><br \/>The brand\u2019s first flagship store opened in Barcelona.<\/p>\n<p class=\"alt-font\" style=\"text-align: justify;\"><strong>2019<\/strong><br \/>Launch of Etnia Barcelona\u2019s first titanium collection, inspired by Japan\u2019s centuries-old craftsmanship and culture.<\/p>\n<p class=\"alt-font\" style=\"text-align: justify;\"><strong>2022<\/strong><br \/>Foundation of the Etnia Eyewear Culture Group. The Group units Etnia Barcelona, The Readers and Allpoets brands under the one roof.<\/p>\n<p class=\"alt-font\" style=\"text-align: justify;\"><strong>2025<\/strong><br \/>The Moi Aussi exhibition presented at Silmo Paris 2025.<\/p>\n<p class=\"alt-font\" style=\"text-align: right;\"><strong style=\"text-align: right;\">October 2025<\/strong><\/p>\n\t\t<\/div>\n\t\t\t\t\n<style>\n#col-1436665125 > .col-inner {\n  margin: 0px 0px -40px 0px;\n}\n<\/style>\n\t<\/div>\n\n\t\n<\/div>\n\t\t<\/div>\n\t\t\t\t\t<\/div>\n\n\t\n<\/div>\n","protected":false},"excerpt":{"rendered":"","protected":false},"author":2,"featured_media":57395,"parent":17978,"menu_order":0,"comment_status":"closed","ping_status":"closed","template":"","meta":{"footnotes":""},"class_list":["post-56453","page","type-page","status-publish","format-standard","has-post-thumbnail","hentry"],"acf":[],"_links":{"self":[{"href":"https:\/\/www.4eyes.com.tr\/en\/wp-json\/wp\/v2\/pages\/56453","targetHints":{"allow":["GET"]}}],"collection":[{"href":"https:\/\/www.4eyes.com.tr\/en\/wp-json\/wp\/v2\/pages"}],"about":[{"href":"https:\/\/www.4eyes.com.tr\/en\/wp-json\/wp\/v2\/types\/page"}],"author":[{"embeddable":true,"href":"https:\/\/www.4eyes.com.tr\/en\/wp-json\/wp\/v2\/users\/2"}],"replies":[{"embeddable":true,"href":"https:\/\/www.4eyes.com.tr\/en\/wp-json\/wp\/v2\/comments?post=56453"}],"version-history":[{"count":2,"href":"https:\/\/www.4eyes.com.tr\/en\/wp-json\/wp\/v2\/pages\/56453\/revisions"}],"predecessor-version":[{"id":56455,"href":"https:\/\/www.4eyes.com.tr\/en\/wp-json\/wp\/v2\/pages\/56453\/revisions\/56455"}],"up":[{"embeddable":true,"href":"https:\/\/www.4eyes.com.tr\/en\/wp-json\/wp\/v2\/pages\/17978"}],"wp:featuredmedia":[{"embeddable":true,"href":"https:\/\/www.4eyes.com.tr\/en\/wp-json\/wp\/v2\/media\/57395"}],"wp:attachment":[{"href":"https:\/\/www.4eyes.com.tr\/en\/wp-json\/wp\/v2\/media?parent=56453"}],"curies":[{"name":"wp","href":"https:\/\/api.w.org\/{rel}","templated":true}]}}