{"id":38893,"date":"2024-06-24T15:30:14","date_gmt":"2024-06-24T12:30:14","guid":{"rendered":"https:\/\/www.4eyes.com.tr\/?page_id=38893"},"modified":"2024-07-10T15:28:57","modified_gmt":"2024-07-10T12:28:57","slug":"elle","status":"publish","type":"page","link":"https:\/\/www.4eyes.com.tr\/en\/brand-stories\/elle\/","title":{"rendered":"Elle"},"content":{"rendered":"<div class=\"row robsl\"  id=\"row-988186265\">\n\n\t<div id=\"col-1979460403\" class=\"col small-12 large-12\"  >\n\t\t\t\t<div class=\"col-inner\"  >\n\t\t\t\n\t\t\t\n\t<div class=\"img has-hover x md-x lg-x y md-y lg-y\" id=\"image_261083556\">\n\t\t\t\t\t\t\t\t<div class=\"img-inner image-cover dark\" style=\"padding-top:56.25%;margin:0px 0px 5px 0px;\">\n\t\t\t<img loading=\"lazy\" decoding=\"async\" width=\"825\" height=\"453\" src=\"https:\/\/www.4eyes.com.tr\/wp-content\/uploads\/2024\/06\/Elle.jpg\" class=\"attachment-original size-original\" alt=\"\" srcset=\"https:\/\/www.4eyes.com.tr\/wp-content\/uploads\/2024\/06\/Elle.jpg 825w, https:\/\/www.4eyes.com.tr\/wp-content\/uploads\/2024\/06\/Elle-300x165.jpg 300w, https:\/\/www.4eyes.com.tr\/wp-content\/uploads\/2024\/06\/Elle-768x422.jpg 768w, https:\/\/www.4eyes.com.tr\/wp-content\/uploads\/2024\/06\/Elle-600x329.jpg 600w\" sizes=\"auto, (max-width: 825px) 100vw, 825px\" \/>\t\t\t\t\t\t\n\t\t\t\t\t<\/div>\n\t\t\t\t\t\t\t\t\n<style>\n#image_261083556 {\n  width: 100%;\n}\n<\/style>\n\t<\/div>\n\t\n\t<div id=\"text-2978578148\" class=\"text fne\">\n\t\t\n<h2 style=\"font-weight: 400; text-align: center;\"><strong>Fashion Forward<\/strong><\/h2>\n<blockquote>\n<p style=\"font-weight: 400; text-align: center;\"><strong><em>Elle, the Parisian luxury fashion brand, continues to offer contemporary, functional and unique styles that complement the needs of today&#8217;s women with a heritage spanning nearly 80 years.<\/em><\/strong><\/p>\n<\/blockquote>\n<p class=\"alt-font\" style=\"font-weight: 400; text-align: justify;\">Elle is a women&#8217;s fashion magazine founded in France in 1945 by Pierre Lazareff and his wife H\u00e9l\u00e8ne Gordon and owned by the Lagard\u00e8re Group. Elle means \u2018She\u2019 in French. But Elle has long been more than just a fashion magazine. Elle is also a luxury fashion brand that offers a wide range of products inspired by the magazine&#8217;s unique vibe and inimitable Parisian lifestyle. Elle offers ready-to-wear collections, sportswear, children&#8217;s clothing lines, perfumes and grooming products, as well as a myriad of decorative products such as wall paints, carpet collections, and luxury accessories including bags, watches and eyewear.<\/p>\n<p class=\"alt-font\" style=\"font-weight: 400; text-align: justify;\"><strong>The Birth of Elle<\/strong><\/p>\n<p class=\"alt-font\" style=\"font-weight: 400; text-align: justify;\">Shortly after her marriage to French media magnate Pierre Lazareff in 1938, Russian-born H\u00e9l\u00e8ne Gordon decided not to pursue a career in ethnography, despite having studied Dogon tribal culture for two years in the Soudan. Instead, she focused on her favorite subject, fashion.\u00a0At the outbreak of the Second World War, the couple lived in Manhattan for several years to avoid the backlash against Pierre&#8217;s politically controversial newspaper, Paris Soir. Fluent in several languages, including English, H\u00e9l\u00e8ne quickly found work in New York, writing for the fashion magazines Harper&#8217;s Bazaar and Vogue, and then as head writer and editor of the now defunct Women&#8217;s page of The New York Times.<\/p>\n<p class=\"alt-font\" style=\"font-weight: 400; text-align: justify;\">In 1944, just a few weeks after the liberation of Paris, the Lazareffs returned to France and resumed their lives both socially and professionally. Pierre took over the Paris Soir and built it into one of the highest circulation daily newspapers in Europe, while H\u00e9l\u00e8ne, realizing that fashion journalism was her true vocation, decided to use what she had learned abroad to start her own fashion magazine. The successful writer envisioned a women&#8217;s magazine whose main editorial approach would be to open women&#8217;s minds to different trends around the world and give them exclusive access to the fashion and beauty industries. On October 1, 1945, H\u00e9l\u00e8ne launched the first issue of her magazine to the world, achieving her goal of &#8216;a magazine for women, run by a woman&#8217;.<\/p>\n<p class=\"alt-font\" style=\"text-align: justify;\">\t\t\t<\/div>\n\t\n\n  \n    <div class=\"row  lightbox-multi-gallery large-columns-4 medium-columns-3 small-columns-2 row-small slider row-slider slider-nav-reveal\"  data-flickity-options='{&quot;imagesLoaded&quot;: true, &quot;groupCells&quot;: &quot;100%&quot;, &quot;dragThreshold&quot; : 5, &quot;cellAlign&quot;: &quot;left&quot;,&quot;wrapAround&quot;: true,&quot;prevNextButtons&quot;: true,&quot;percentPosition&quot;: true,&quot;pageDots&quot;: false, &quot;rightToLeft&quot;: false, &quot;autoPlay&quot; : false}' >\n\n  <div class=\"gallery-col col\" >\n          <div class=\"col-inner\">\n            <a class=\"\" href=\"https:\/\/www.4eyes.com.tr\/wp-content\/uploads\/2024\/06\/1Elle.jpg\" title=\"\">            <div class=\"box has-hover gallery-box box-none\">\n              <div class=\"box-image image-cover\" style=\"padding-top:75%;\">\n                <img loading=\"lazy\" decoding=\"async\" width=\"244\" height=\"181\" src=\"https:\/\/www.4eyes.com.tr\/wp-content\/uploads\/2024\/06\/1Elle.jpg\" class=\"attachment-medium size-medium\" alt=\"\" ids=\"38879,38885,38883,38881\" style=\"none\" lightbox_image_size=\"original\" type=\"slider\" col_spacing=\"small\" image_height=\"75%\" \/>                                                              <\/div>\n              <div class=\"box-text text-left\" >\n                 <p><\/p>\n              <\/div>\n            <\/div>\n            <\/a>          <\/div>\n         <\/div><div class=\"gallery-col col\" >\n          <div class=\"col-inner\">\n            <a class=\"\" href=\"https:\/\/www.4eyes.com.tr\/wp-content\/uploads\/2024\/06\/ELLE2.jpg\" title=\"\">            <div class=\"box has-hover gallery-box box-none\">\n              <div class=\"box-image image-cover\" style=\"padding-top:75%;\">\n                <img loading=\"lazy\" decoding=\"async\" width=\"244\" height=\"181\" src=\"https:\/\/www.4eyes.com.tr\/wp-content\/uploads\/2024\/06\/ELLE2.jpg\" class=\"attachment-medium size-medium\" alt=\"\" ids=\"38879,38885,38883,38881\" style=\"none\" lightbox_image_size=\"original\" type=\"slider\" col_spacing=\"small\" image_height=\"75%\" \/>                                                              <\/div>\n              <div class=\"box-text text-left\" >\n                 <p><\/p>\n              <\/div>\n            <\/div>\n            <\/a>          <\/div>\n         <\/div><div class=\"gallery-col col\" >\n          <div class=\"col-inner\">\n            <a class=\"\" href=\"https:\/\/www.4eyes.com.tr\/wp-content\/uploads\/2024\/06\/ELLE3.jpg\" title=\"\">            <div class=\"box has-hover gallery-box box-none\">\n              <div class=\"box-image image-cover\" style=\"padding-top:75%;\">\n                <img loading=\"lazy\" decoding=\"async\" width=\"244\" height=\"181\" src=\"https:\/\/www.4eyes.com.tr\/wp-content\/uploads\/2024\/06\/ELLE3.jpg\" class=\"attachment-medium size-medium\" alt=\"\" ids=\"38879,38885,38883,38881\" style=\"none\" lightbox_image_size=\"original\" type=\"slider\" col_spacing=\"small\" image_height=\"75%\" \/>                                                              <\/div>\n              <div class=\"box-text text-left\" >\n                 <p><\/p>\n              <\/div>\n            <\/div>\n            <\/a>          <\/div>\n         <\/div><div class=\"gallery-col col\" >\n          <div class=\"col-inner\">\n            <a class=\"\" href=\"https:\/\/www.4eyes.com.tr\/wp-content\/uploads\/2024\/06\/ELLE4.jpg\" title=\"\">            <div class=\"box has-hover gallery-box box-none\">\n              <div class=\"box-image image-cover\" style=\"padding-top:75%;\">\n                <img loading=\"lazy\" decoding=\"async\" width=\"244\" height=\"181\" src=\"https:\/\/www.4eyes.com.tr\/wp-content\/uploads\/2024\/06\/ELLE4.jpg\" class=\"attachment-medium size-medium\" alt=\"\" ids=\"38879,38885,38883,38881\" style=\"none\" lightbox_image_size=\"original\" type=\"slider\" col_spacing=\"small\" image_height=\"75%\" \/>                                                              <\/div>\n              <div class=\"box-text text-left\" >\n                 <p><\/p>\n              <\/div>\n            <\/div>\n            <\/a>          <\/div>\n         <\/div><\/div>\n<p class=\"alt-font\" style=\"font-weight: 400; text-align: justify;\"><strong>Elle Finds Fame<\/strong><\/p>\n<p class=\"alt-font\" style=\"font-weight: 400; text-align: justify;\">By the sixties, Elle was said to have a readership of 800,000 across France and to dominate fashion rather than reflect it. In 1985, Hachette Filipacchi M\u00e9dias, a subsidiary of the Lagard\u00e8re Group, began to expand Elle outside France, launching Elle in the United Kingdom and the United States. The Chinese version of the magazine was first published in 1988. It was the first four-color fashion magazine to be offered in China. The magazine became an informative and educational tool to open the Chinese textile market. In 1987, Elle Decoration was launched in France by the Lagard\u00e8re Group. The internationalization of the brand began in the US in 1989 with the launch of Elle Decor. In 1995, the magazine achieved a major triumph, selling 5 million copies worldwide.\u00a0 Elle.com was launched in 2007. In 2011, the Hearst Corporation entered into a \u20ac651 million deal with Lagard\u00e8re to acquire the rights to publish Elle Magazine in fifteen countries, including the United Kingdom, Italy, Spain, Russia and Ukraine. Lagard\u00e8re, which struggled in the international market in the 2000s, retained the rights to the French edition and charged royalties on international editions. By retaining ownership of the Elle brand in France and through license forms in 25 countries, Lagard\u00e8re remained the guarantor of brand consistency. Lagard\u00e8re continues to own the Elle brand in France and internationally by licensing the use of the magazines. Today, the Elle brand is as synonymous with the latest fashion and premium quality as the high-end brands it promotes on its pages and on its various websites. Elle is one of the world&#8217;s leading fashion brands with more than 100 websites, including media, e-commerce and product partner accounts, 150 social media accounts and more than 158 supplements accessed by more than 200 million people worldwide. Owned by the French Lagard\u00e8re Active Group, the Elle brand also accounts for more than $600 million in retail sales of licensed consumer products under various sub-brands such as Elle Homme, Elle Sport, Elle Golf, Elle D\u00e9cor, Elle Caf\u00e9, Elle Kids, Elle Spa, Elle Salon, Elle Eyewear and more. Lagard\u00e8re licenses the brand in two ways: media property and products and services. Lagard\u00e8re Active Enterprises, the Lagard\u00e8re Group company that licenses all non-media products of Elle, made its first licensing to Japan in 1981.<\/p>\n<div class=\"row row-small row-full-width\"  id=\"row-140259526\">\n\n\t<div id=\"col-799399117\" class=\"col medium-7 large-7\"  >\n\t\t\t\t<div class=\"col-inner\"  >\n\t\t\t\n\t\t\t\n<p class=\"alt-font\" style=\"font-weight: 400; text-align: justify;\"><strong>Elle&#8217;s View on Women<\/strong><\/p>\n<p class=\"alt-font\" style=\"font-weight: 400; text-align: justify;\">Luxury fashion brand Elle is at the intersection of style, beauty and culture. Fashion, beauty, lifestyle and women&#8217;s empowerment are the foundation on which the Elle brand is built. From the very beginning, Elle has strived to inspire women to change the world and improve themselves and their understanding of fashion, beauty and lifestyle. In doing so, Elle has always believed that women should make the most of what life has to offer while doing something meaningful for others. Women&#8217;s right to vote, access to education and work, and opening their own bank accounts have always been on Elle&#8217;s agenda. Women&#8217;s empowerment has come a long way, thanks in part to our own mothers, grandmothers and great-grandmothers. Even today, the issue is still topical and has finally been fully embraced by the public for a few years now. Women&#8217;s equality is an important issue that is also reflected in the historical values of the Elle brand. With and through Elle, women share their vision of the world and life. Elle not only inspires women in fashion, beauty and lifestyle, but also encourages them to be themselves and love who and how they are. This expectation makes the world brighter, filled with positivity, self-esteem, freedom and self-empowerment. With a history approaching eighty years, Elle, the Parisienne lifestyle and luxury fashion brand, continues to offer contemporary, functional and fashion-forward styles that complement and respond to the needs of today&#8217;s active women.<\/p>\n<p class=\"alt-font\" style=\"font-weight: 400; text-align: justify;\"><strong>Elle Eyewear<\/strong><\/p>\n<p class=\"alt-font\" style=\"font-weight: 400; text-align: justify;\">Since 1996, Charmant Group has been designing, manufacturing and distributing eyewear globally for this very special Parisian brand that has positively influenced the lives of many women around the world. Charmant reflects the brand&#8217;s culture and values in each of the sunglasses and optical frames it produces for the Elle Eyewear collections. The eyewear frames are characterized by Parisian elegance and are made with a reliable quality typical of all products coming out of Charmant factories. Since its foundation in 1945, Elle has addressed women around the world in a language that is both positive and decisive, offering them the keys to success in an ever-changing world. As the standard bearer of their emancipation, Elle Eyewear listens to women and accompanies them every day on their journey towards a strong and independent life. Elle Eyewear stands out for its collections told by women, for women, with high quality French frames. Oscillating gracefully between sophistication and originality, Elle eyewear frames reveal the universal femininity of Parisians with soft and elegant curves, urban color combinations derived from carefully selected acetate sheets and pleasant, creative accents.<\/p>\n\t\t<\/div>\n\t\t\t\t\n<style>\n#col-799399117 > .col-inner {\n  margin: 0px 0px -40px 0px;\n}\n<\/style>\n\t<\/div>\n\n\t\n\n\t<div id=\"col-11380174\" class=\"col medium-5 large-5\"  >\n\t\t\t\t<div class=\"col-inner\"  >\n\t\t\t\n\t\t\t\n\t<div class=\"img has-hover x md-x lg-x y md-y lg-y\" id=\"image_1141710787\">\n\t\t\t\t\t\t\t\t<div class=\"img-inner image-cover dark\" style=\"padding-top:100%;\">\n\t\t\t<img loading=\"lazy\" decoding=\"async\" width=\"1440\" height=\"1800\" src=\"https:\/\/www.4eyes.com.tr\/wp-content\/uploads\/2024\/06\/Elle-27.jpg\" class=\"attachment-original size-original\" alt=\"\" srcset=\"https:\/\/www.4eyes.com.tr\/wp-content\/uploads\/2024\/06\/Elle-27.jpg 1440w, https:\/\/www.4eyes.com.tr\/wp-content\/uploads\/2024\/06\/Elle-27-240x300.jpg 240w, https:\/\/www.4eyes.com.tr\/wp-content\/uploads\/2024\/06\/Elle-27-819x1024.jpg 819w, https:\/\/www.4eyes.com.tr\/wp-content\/uploads\/2024\/06\/Elle-27-768x960.jpg 768w, https:\/\/www.4eyes.com.tr\/wp-content\/uploads\/2024\/06\/Elle-27-1229x1536.jpg 1229w, https:\/\/www.4eyes.com.tr\/wp-content\/uploads\/2024\/06\/Elle-27-600x750.jpg 600w\" sizes=\"auto, (max-width: 1440px) 100vw, 1440px\" \/>\t\t\t\t\t\t\n\t\t\t\t\t<\/div>\n\t\t\t\t\t\t\t\t\n<style>\n#image_1141710787 {\n  width: 100%;\n}\n<\/style>\n\t<\/div>\n\t\n\t<div class=\"img has-hover x md-x lg-x y md-y lg-y\" id=\"image_1526450465\">\n\t\t<a class=\"image-lightbox lightbox-gallery\" title=\"\" href=\"https:\/\/www.4eyes.com.tr\/wp-content\/uploads\/2024\/06\/Elle-16.jpg\">\t\t\t\t\t\t<div class=\"img-inner image-cover dark\" style=\"padding-top:138%;\">\n\t\t\t<img loading=\"lazy\" decoding=\"async\" width=\"1080\" height=\"1350\" src=\"https:\/\/www.4eyes.com.tr\/wp-content\/uploads\/2024\/06\/Elle-16.jpg\" class=\"attachment-original size-original\" alt=\"\" srcset=\"https:\/\/www.4eyes.com.tr\/wp-content\/uploads\/2024\/06\/Elle-16.jpg 1080w, https:\/\/www.4eyes.com.tr\/wp-content\/uploads\/2024\/06\/Elle-16-240x300.jpg 240w, https:\/\/www.4eyes.com.tr\/wp-content\/uploads\/2024\/06\/Elle-16-819x1024.jpg 819w, https:\/\/www.4eyes.com.tr\/wp-content\/uploads\/2024\/06\/Elle-16-768x960.jpg 768w, https:\/\/www.4eyes.com.tr\/wp-content\/uploads\/2024\/06\/Elle-16-600x750.jpg 600w\" sizes=\"auto, (max-width: 1080px) 100vw, 1080px\" \/>\t\t\t\t\t\t\n\t\t\t\t\t<\/div>\n\t\t\t\t\t\t<\/a>\t\t\n<style>\n#image_1526450465 {\n  width: 100%;\n}\n<\/style>\n\t<\/div>\n\t\n\t\t<\/div>\n\t\t\t\t\t<\/div>\n\n\t\n<\/div>\n<p class=\"alt-font\" style=\"font-weight: 400; text-align: justify;\">In 2020, Parisian lifestyle and fashion brand Elle celebrated its 75th anniversary with a stunning eyewear collection. However, Elle&#8217;s 75th anniversary limited edition Tote, a specially printed bag with a unique aesthetic, was highly acclaimed. Charmant, which manufactures and distributes Elle eyewear, prepared the bag to honor Elle&#8217;s anniversary and it was described as a work of art. Elle Eyewear&#8217;s 75th Anniversary eyewear collection and its statement bag symbolize and honor the brand&#8217;s long history of championing a world of positivity, self-confidence, freedom and self-empowerment for women.<\/p>\n<p class=\"alt-font\" style=\"font-weight: 400; text-align: justify;\"><strong>Chronology<\/strong><\/p>\n<p class=\"alt-font\" style=\"font-weight: 400; text-align: justify;\"><strong>1945: <\/strong>French media magnate Pierre Lazareff and his Russian-born wife H\u00e9l\u00e8ne Gordon found Elle magazine.<\/p>\n<p class=\"alt-font\" style=\"font-weight: 400; text-align: justify;\"><strong>1952: <\/strong>Brigitte Bardot was only seventeen years old when she first appeared on the cover of Elle magazine months before Girl in the Bikini.<\/p>\n<p class=\"alt-font\" style=\"font-weight: 400; text-align: justify;\"><strong>1956: <\/strong>Grace Kelly appeared on the cover of Elle France a few days before her marriage to Prince Rainier III of Monaco. In July, Marilyn Monroe became the cover girl of Elle magazine.<\/p>\n<p class=\"alt-font\" style=\"font-weight: 400; text-align: justify;\"><strong>1970: <\/strong>The first international edition of Elle is published under the name Elle Japon.<\/p>\n<p class=\"alt-font\" style=\"font-weight: 400; text-align: justify;\"><strong>1985: <\/strong>The American Elle magazine was launched and featured supermodel Yasmin Le Bon on the cover of its first issue. The UK edition of the magazine was launched in the same year and again featured Yasmin Le Bon on its cover.<\/p>\n<p class=\"alt-font\" style=\"font-weight: 400; text-align: justify;\"><strong>1988: <\/strong>H\u00e9l\u00e8ne Gordon passed away.<\/p>\n<p class=\"alt-font\" style=\"font-weight: 400; text-align: justify;\"><strong>1992: <\/strong>Elle Korea was published in 1992 and Elle Singapore a year later.<\/p>\n<p class=\"alt-font\" style=\"font-weight: 400; text-align: justify;\"><strong>1994: <\/strong>Mexico, Argentina, Thailand, Poland and Czech Republic editions were launched. Elle Russia and Elle South Africa were launched two years later. Elle Russia was closed in 2022 due to its relations with Ukraine.<\/p>\n<p class=\"alt-font\" style=\"font-weight: 400; text-align: justify;\"><strong>1996: <\/strong>Elle and Charmant Group sign a license agreement to design, manufacture and distribute optical and sunglass collections under the Elle brand globally.<\/p>\n<p class=\"alt-font\" style=\"font-weight: 400; text-align: justify;\"><strong>1999: <\/strong>Turkey edition launched.<\/p>\n<p class=\"alt-font\" style=\"font-weight: 400; text-align: justify;\"><strong>2001: <\/strong>Elle Canada, Elle Ukraine and Elle Hungary were launched. In 2020, Elle Canada closed its office in Toronto but continues to publish from Montreal.<\/p>\n<p class=\"alt-font\" style=\"font-weight: 400; text-align: justify;\"><strong>2003: <\/strong>Elle was released in Belgium in both French and Dutch.<\/p>\n<p class=\"alt-font\" style=\"font-weight: 400; text-align: justify;\"><strong>2005: <\/strong>The Serbian edition of Elle was launched together with the Bulgarian edition. Elle Slovenia was launched in the same year.<\/p>\n<p class=\"alt-font\" style=\"font-weight: 400; text-align: justify;\"><strong>2008: <\/strong>Elle Indonesia and Elle Finland were launched. The Danish edition was also launched in the same year.<\/p>\n<p class=\"alt-font\" style=\"font-weight: 400; text-align: justify;\"><strong>2010: <\/strong>A Vietnamese edition (Elle Ph\u00e1i \u0111\u1eb9p) was launched under the Ringier license, but ceased publication in 2020. The magazine was later relaunched.<\/p>\n<p class=\"alt-font\" style=\"font-weight: 400; text-align: justify;\"><strong>2017: <\/strong>A digital edition was launched for C\u00f4te d&#8217;Ivoire in February 2017.<\/p>\n<p class=\"alt-font\" style=\"font-weight: 400; text-align: justify;\"><strong>2020: <\/strong>The Elle Style Awards and the brand&#8217;s global 75th anniversary celebration took place on October 29, 2020 with a glittering gala evening in Chengdu, China.<\/p>\n<p class=\"alt-font\" style=\"font-weight: 400; text-align: justify;\"><strong>2024: <\/strong>Elle Lithuania was launched in February 2024. The magazine was published by the same team that previously published L&#8217;Officiel Lithuania from 2010 until its closure in 2023. Elle Egypt launched digitally in April 2024, with the print version published in September 2024.<\/p>\n<p class=\"alt-font\" style=\"text-align: right;\"><strong>June \u00a02024<\/strong><\/p>\n\t\t<\/div>\n\t\t\t\t\t<\/div>\n\n\t\n<\/div>\n","protected":false},"excerpt":{"rendered":"","protected":false},"author":4,"featured_media":39178,"parent":17978,"menu_order":0,"comment_status":"closed","ping_status":"closed","template":"","meta":{"footnotes":""},"class_list":["post-38893","page","type-page","status-publish","format-standard","has-post-thumbnail","hentry"],"acf":[],"_links":{"self":[{"href":"https:\/\/www.4eyes.com.tr\/en\/wp-json\/wp\/v2\/pages\/38893","targetHints":{"allow":["GET"]}}],"collection":[{"href":"https:\/\/www.4eyes.com.tr\/en\/wp-json\/wp\/v2\/pages"}],"about":[{"href":"https:\/\/www.4eyes.com.tr\/en\/wp-json\/wp\/v2\/types\/page"}],"author":[{"embeddable":true,"href":"https:\/\/www.4eyes.com.tr\/en\/wp-json\/wp\/v2\/users\/4"}],"replies":[{"embeddable":true,"href":"https:\/\/www.4eyes.com.tr\/en\/wp-json\/wp\/v2\/comments?post=38893"}],"version-history":[{"count":4,"href":"https:\/\/www.4eyes.com.tr\/en\/wp-json\/wp\/v2\/pages\/38893\/revisions"}],"predecessor-version":[{"id":39181,"href":"https:\/\/www.4eyes.com.tr\/en\/wp-json\/wp\/v2\/pages\/38893\/revisions\/39181"}],"up":[{"embeddable":true,"href":"https:\/\/www.4eyes.com.tr\/en\/wp-json\/wp\/v2\/pages\/17978"}],"wp:featuredmedia":[{"embeddable":true,"href":"https:\/\/www.4eyes.com.tr\/en\/wp-json\/wp\/v2\/media\/39178"}],"wp:attachment":[{"href":"https:\/\/www.4eyes.com.tr\/en\/wp-json\/wp\/v2\/media?parent=38893"}],"curies":[{"name":"wp","href":"https:\/\/api.w.org\/{rel}","templated":true}]}}