{"id":20469,"date":"2023-01-01T13:09:48","date_gmt":"2023-01-01T10:09:48","guid":{"rendered":"https:\/\/4eyes.com.tr\/?page_id=20469"},"modified":"2025-04-13T10:45:18","modified_gmt":"2025-04-13T07:45:18","slug":"4youreyes-imprint","status":"publish","type":"page","link":"https:\/\/www.4eyes.com.tr\/en\/4youreyes-imprint\/","title":{"rendered":"4youreyes Imprint"},"content":{"rendered":"<div class=\"row row-large row-full-width align-center\"  id=\"row-1753822915\">\n\n\t<div id=\"col-1926646979\" class=\"col medium-8 small-12 large-8\"  >\n\t\t\t\t<div class=\"col-inner text-center\"  >\n\t\t\t\n\t\t\t\n\t<div class=\"img has-hover x md-x lg-x y md-y lg-y\" id=\"image_211577060\">\n\t\t\t\t\t\t\t\t<div class=\"img-inner dark\" >\n\t\t\t<img loading=\"lazy\" decoding=\"async\" width=\"455\" height=\"174\" src=\"https:\/\/www.4eyes.com.tr\/wp-content\/uploads\/2022\/09\/4eyes_logo-1.png\" class=\"attachment-original size-original\" alt=\"\" srcset=\"https:\/\/www.4eyes.com.tr\/wp-content\/uploads\/2022\/09\/4eyes_logo-1.png 455w, https:\/\/www.4eyes.com.tr\/wp-content\/uploads\/2022\/09\/4eyes_logo-1-300x115.png 300w\" sizes=\"auto, (max-width: 455px) 100vw, 455px\" \/>\t\t\t\t\t\t\n\t\t\t\t\t<\/div>\n\t\t\t\t\t\t\t\t\n<style>\n#image_211577060 {\n  width: 45%;\n}\n<\/style>\n\t<\/div>\n\t\n\t<div id=\"text-3135626795\" class=\"text kunye\">\n\t\t\n<h4 style=\"text-align: center;\"><strong>FRANCHISE OWNER<br \/><\/strong>Yirmid\u00f6rt Saat Reklam Paz. Dan. Org. ve Yay. Tic. Ltd. \u015eti.<br \/>Banu Baran \/\u00a0b.baran@24saatajans.com<\/h4>\n<p style=\"text-align: center;\"><strong>EIDTOR-IN-CHIEF<br \/><\/strong>Banu Baran \/ b.baran@4eyes.com.tr<\/p>\n<p style=\"text-align: center;\"><strong>GRAPHIC DESIGN<br \/><\/strong>Kafiye Burcu K\u00fc\u00e7\u00fckaky\u00fcz<\/p>\n<p style=\"text-align: center;\"><strong>EDITORIAL WORKS<br \/><\/strong>Banu Baran \/ Yasemin Uluocak \/ Bilgehan Ba\u015faslan<\/p>\n<p style=\"text-align: center;\"><strong>ADVERTISING COORDINATOR<br \/><\/strong>Yasemin Uluocak \/\u00a0y.uluocak@24saatajans.com<\/p>\n<p style=\"text-align: center;\"><strong>TEXT EDITING<br \/><\/strong>STILIN A.\u015e.<\/p>\n<p style=\"text-align: center;\"><strong>TRANSLATION <br \/><\/strong>STILIN A.\u015e.<\/p>\n<p style=\"text-align: center;\"><strong>PHOTOGRAPHY SHOT <br \/><\/strong>STILIN A.\u015e.<\/p>\n<p style=\"text-align: center;\"><strong>PRINT<br \/><\/strong>\u0130hlas Gazetecilik A.\u015e.<\/p>\n<p style=\"text-align: center;\"><strong>COMMUNICATION<br \/><\/strong>24 Saat Ajans \/ 0 212 660 24 66<\/p>\n<p style=\"text-align: center;\"><strong>E-MAIL<\/strong><br \/>info@4eyes.com.tr<\/p>\n\t\t\t<\/div>\n\t\n\t<div id=\"text-1478173725\" class=\"text\">\n\t\t\n<p>\u015eenlikk\u00f6y Mah. Mahirler Sok. No: 21\/3<br \/>\nFlorya 34153-Bak\u0131rk\u00f6y\/\u0130stanbul<\/p>\n<p><a href=\"mailto:info@4eyes.com.tr\">info@4eyes.com.tr<\/a><br \/>\n\t\t\n<style>\n#text-1478173725 {\n  text-align: center;\n}\n<\/style>\n\t<\/div>\n\t\n\t<div id=\"text-3503046117\" class=\"text\">\n\t\t\n<p><strong>Follow us!<\/strong><br \/>\n\t\t\n<style>\n#text-3503046117 {\n  line-height: 0.75;\n  text-align: center;\n}\n<\/style>\n\t<\/div>\n\t\n<div class=\"social-icons follow-icons full-width text-center\" style=\"font-size:115%\"><a href=\"https:\/\/www.facebook.com\/4youreyesmag\" target=\"_blank\" data-label=\"Facebook\" class=\"icon plain facebook tooltip\" title=\"Follow on Facebook\" aria-label=\"Follow on Facebook\" rel=\"noopener nofollow\" ><i class=\"icon-facebook\" ><\/i><\/a><a href=\"https:\/\/www.instagram.com\/4youreyesmag\/\" target=\"_blank\" data-label=\"Instagram\" class=\"icon plain instagram tooltip\" title=\"Follow on Instagram\" aria-label=\"Follow on Instagram\" rel=\"noopener nofollow\" ><i class=\"icon-instagram\" ><\/i><\/a><a href=\"https:\/\/twitter.com\/4youreyesmag\" data-label=\"Twitter\" target=\"_blank\" class=\"icon plain twitter tooltip\" title=\"Follow on Twitter\" aria-label=\"Follow on Twitter\" rel=\"noopener nofollow\" ><i class=\"icon-twitter\" ><\/i><\/a><a href=\"https:\/\/tr.pinterest.com\/4youreyesmag\/\" data-label=\"Pinterest\" target=\"_blank\" class=\"icon plain pinterest tooltip\" title=\"Follow on Pinterest\" aria-label=\"Follow on Pinterest\" rel=\"noopener nofollow\" ><i class=\"icon-pinterest\" ><\/i><\/a><a href=\"https:\/\/www.youtube.com\/channel\/UCDB_wh0DeD7TmUISKNLIR3Q\" data-label=\"YouTube\" target=\"_blank\" class=\"icon plain youtube tooltip\" title=\"Follow on YouTube\" aria-label=\"Follow on YouTube\" rel=\"noopener nofollow\" ><i class=\"icon-youtube\" ><\/i><\/a><\/div>\n\t\t<\/div>\n\t\t\t\t\t<\/div>\n\n\t\n<\/div>\n","protected":false},"excerpt":{"rendered":"","protected":false},"author":4,"featured_media":0,"parent":0,"menu_order":0,"comment_status":"closed","ping_status":"closed","template":"","meta":{"footnotes":""},"class_list":["post-20469","page","type-page","status-publish","format-standard","hentry"],"acf":[],"_links":{"self":[{"href":"https:\/\/www.4eyes.com.tr\/en\/wp-json\/wp\/v2\/pages\/20469","targetHints":{"allow":["GET"]}}],"collection":[{"href":"https:\/\/www.4eyes.com.tr\/en\/wp-json\/wp\/v2\/pages"}],"about":[{"href":"https:\/\/www.4eyes.com.tr\/en\/wp-json\/wp\/v2\/types\/page"}],"author":[{"embeddable":true,"href":"https:\/\/www.4eyes.com.tr\/en\/wp-json\/wp\/v2\/users\/4"}],"replies":[{"embeddable":true,"href":"https:\/\/www.4eyes.com.tr\/en\/wp-json\/wp\/v2\/comments?post=20469"}],"version-history":[{"count":2,"href":"https:\/\/www.4eyes.com.tr\/en\/wp-json\/wp\/v2\/pages\/20469\/revisions"}],"predecessor-version":[{"id":49188,"href":"https:\/\/www.4eyes.com.tr\/en\/wp-json\/wp\/v2\/pages\/20469\/revisions\/49188"}],"wp:attachment":[{"href":"https:\/\/www.4eyes.com.tr\/en\/wp-json\/wp\/v2\/media?parent=20469"}],"curies":[{"name":"wp","href":"https:\/\/api.w.org\/{rel}","templated":true}]}}